{"id":21,"date":"2013-02-19T18:44:56","date_gmt":"2013-02-19T18:44:56","guid":{"rendered":"http:\/\/cineclubeguimaraes.org\/wordpress\/?page_id=21"},"modified":"2025-11-09T22:08:11","modified_gmt":"2025-11-09T22:08:11","slug":"orgaos-sociais","status":"publish","type":"page","link":"https:\/\/cineclubeguimaraes.org\/wordpress\/?page_id=21","title":{"rendered":"\u00d3RG\u00c3OS SOCIAIS"},"content":{"rendered":"<div style=\"padding-left: 30px;\">\n<p>Bi\u00e9nio 2024-2025<\/p>\n<p><strong>Mesa da Assembleia Geral<br \/>\n<\/strong><\/p>\n<p><strong>Presidente<\/strong><strong> \u2013<\/strong>\u00a0Ant\u00f3nio Em\u00edlio Abreu Ribeiro<br \/>\n<strong>Vice-Presidente<\/strong><strong> \u2013<\/strong>\u00a0Paulo Francisco Gon\u00e7alves Vieira de Castro<br \/>\n<strong>Secret\u00e1rio<\/strong><strong> \u2013<\/strong> Wladimir Augusto Correia Brito<\/p>\n<p><strong>\u00a0<\/strong><\/p>\n<p><strong>Direc\u00e7\u00e3o<\/strong><\/p>\n<p><strong>Presidente<\/strong><strong> \u2013<\/strong>\u00a0Carlos Jos\u00e9 Mesquita de Freitas<strong><br \/>\n<\/strong><strong>Vice-Presidente<\/strong><strong> \u2013<\/strong>\u00a0Benjamim Paulo da Costa Sampaio<strong><br \/>\n<\/strong><strong>Tesoureiro<\/strong><strong> \u2013<\/strong>\u00a0Paulo Manuel Ferreira da Cunha<strong><br \/>\n<\/strong><strong>1.\u00ba Secret\u00e1rio<\/strong><strong> \u2013<\/strong>\u00a0Jos\u00e9 Eduardo Gon\u00e7alves Jord\u00e3o<strong><br \/>\n<\/strong><strong>2.\u00ba Secret\u00e1ria<\/strong><strong>\u00a0\u2013<\/strong>\u00a0Maria Alexandra Ferreira Xavier<strong><br \/>\n<\/strong><strong>1.\u00ba Vogal<\/strong><strong> \u2013<\/strong>\u00a0<span style=\"line-height: 1.5;\">Nuno Filipe Rocha Amorim Vieira<\/span><strong><br \/>\n<\/strong><strong style=\"line-height: 1.5;\">2.\u00ba Vogal<\/strong><strong style=\"line-height: 1.5;\"> \u2013<\/strong><span style=\"line-height: 1.5;\">\u00a0Jorge Manuel Rodrigues Silva<\/span><\/p>\n<p>Suplentes da Direc\u00e7\u00e3o<\/p>\n<p>Marta Manuel Marques de Magalh\u00e3es Ribeiro Jord\u00e3o<strong><br \/>\n<\/strong>Rui Miguel Morais do Vale de Sousa Pereira<br \/>\nS\u00e9rgio Adriano Fernandes Lopes<\/p>\n<p>&nbsp;<\/p>\n<p><strong>Conselho Fiscal<\/strong><\/p>\n<p><strong>Presidente<\/strong><strong> \u2013<\/strong>\u00a0C\u00e9sar Manuel Castro Machado<strong><br \/>\n<\/strong><strong>Secret\u00e1rio<\/strong><strong> \u2013<\/strong>\u00a0Rog\u00e9rio Cristiano Ribeiro Martins<strong><br \/>\n<\/strong><strong>Relator<\/strong><strong> \u2013<\/strong>\u00a0Ant\u00f3nio Silva Fernandes<\/p>\n<\/div>\n","protected":false},"excerpt":{"rendered":"<p>Bi\u00e9nio 2024-2025 Mesa da Assembleia Geral Presidente \u2013\u00a0Ant\u00f3nio Em\u00edlio Abreu Ribeiro Vice-Presidente \u2013\u00a0Paulo Francisco Gon\u00e7alves Vieira de Castro Secret\u00e1rio \u2013 Wladimir Augusto Correia Brito \u00a0 Direc\u00e7\u00e3o Presidente \u2013\u00a0Carlos Jos\u00e9 Mesquita de Freitas Vice-Presidente \u2013\u00a0Benjamim Paulo da Costa Sampaio Tesoureiro \u2013\u00a0Paulo Manuel Ferreira da Cunha 1.\u00ba Secret\u00e1rio \u2013\u00a0Jos\u00e9 Eduardo Gon\u00e7alves Jord\u00e3o 2.\u00ba Secret\u00e1ria\u00a0\u2013\u00a0Maria Alexandra Ferreira Xavier [&hellip;]<\/p>\n","protected":false},"author":1,"featured_media":0,"parent":0,"menu_order":0,"comment_status":"open","ping_status":"open","template":"","meta":{"footnotes":""},"class_list":["post-21","page","type-page","status-publish","hentry"],"_links":{"self":[{"href":"https:\/\/cineclubeguimaraes.org\/wordpress\/index.php?rest_route=\/wp\/v2\/pages\/21","targetHints":{"allow":["GET"]}}],"collection":[{"href":"https:\/\/cineclubeguimaraes.org\/wordpress\/index.php?rest_route=\/wp\/v2\/pages"}],"about":[{"href":"https:\/\/cineclubeguimaraes.org\/wordpress\/index.php?rest_route=\/wp\/v2\/types\/page"}],"author":[{"embeddable":true,"href":"https:\/\/cineclubeguimaraes.org\/wordpress\/index.php?rest_route=\/wp\/v2\/users\/1"}],"replies":[{"embeddable":true,"href":"https:\/\/cineclubeguimaraes.org\/wordpress\/index.php?rest_route=%2Fwp%2Fv2%2Fcomments&post=21"}],"version-history":[{"count":22,"href":"https:\/\/cineclubeguimaraes.org\/wordpress\/index.php?rest_route=\/wp\/v2\/pages\/21\/revisions"}],"predecessor-version":[{"id":14266,"href":"https:\/\/cineclubeguimaraes.org\/wordpress\/index.php?rest_route=\/wp\/v2\/pages\/21\/revisions\/14266"}],"wp:attachment":[{"href":"https:\/\/cineclubeguimaraes.org\/wordpress\/index.php?rest_route=%2Fwp%2Fv2%2Fmedia&parent=21"}],"curies":[{"name":"wp","href":"https:\/\/api.w.org\/{rel}","templated":true}]}}