{"id":26,"date":"2013-02-19T18:47:36","date_gmt":"2013-02-19T18:47:36","guid":{"rendered":"http:\/\/cineclubeguimaraes.org\/wordpress\/?page_id=26"},"modified":"2016-03-26T20:55:59","modified_gmt":"2016-03-26T20:55:59","slug":"estatutos","status":"publish","type":"page","link":"https:\/\/cineclubeguimaraes.org\/wordpress\/?page_id=26","title":{"rendered":"ESTATUTOS"},"content":{"rendered":"<p><strong>Cap\u00edtulo I<\/strong><\/p>\n<div id=\"_mcePaste\"><strong>| Princ\u00edpios Gerais |<\/strong><\/div>\n<div id=\"_mcePaste\">Art\u00ba 1\u00ba &#8211; O Cine-Clube de Guimar\u00e3es, abreviadamente designado por CCG, \u00e9 uma Institui\u00e7\u00e3o cultural sem fins lucrativos, fundada em 17 de Maio de 1958, e tem a sua sede no Largo Jo\u00e3o Franco, 19A &#8211; 2\u00ba, na cidade de Guimar\u00e3es, e dura\u00e7\u00e3o por tempo indeterminado.<\/div>\n<div id=\"_mcePaste\">Art\u00ba 2\u00ba &#8211; O CCG tem por objectivo defender e impulsionar o cinema e divulgar a cultura cinematogr\u00e1fica.<\/div>\n<p><strong>Cap\u00edtulo II<\/strong><\/p>\n<div id=\"_mcePaste\"><strong>| Dos S\u00f3cios |<\/strong><\/div>\n<div id=\"_mcePaste\">Art\u00ba 3\u00ba &#8211; Haver\u00e1 duas categorias de s\u00f3cios: efectivos e honor\u00e1rios<\/div>\n<div id=\"_mcePaste\">#\u00fanico &#8211; Os s\u00f3cios efectivos obrigam-se ao pagamento de uma cota a fixar em Assembleia Geral.<\/div>\n<p><strong>Cap\u00edtulo III<\/strong><\/p>\n<p><strong> <\/strong><strong>| \u00d3rg\u00e3os Sociais |<\/strong><\/p>\n<div id=\"_mcePaste\">Art\u00ba 4\u00ba &#8211; S\u00e3o \u00d3rg\u00e3os do CCG: a Assembleia Geral (AG); a Direc\u00e7\u00e3o; e o Conselho Fiscal (CF).<\/div>\n<div id=\"_mcePaste\">Art\u00ba 5\u00ba &#8211; Os mandatos para os \u00f3rg\u00e3os do CCG t\u00eam a dura\u00e7\u00e3o de dois anos.<\/div>\n<div id=\"_mcePaste\">Art\u00ba 6\u00ba &#8211; A AG \u00e9 constitu\u00edda por todos os s\u00f3cios efectivos no pleno uso dos seus direitos.<\/div>\n<div id=\"_mcePaste\">Art\u00ba 7\u00ba &#8211; A AG \u00e9 presidida por uma Mesa composta por um Presidente, um Vice-Presidente e um Secret\u00e1rio.<\/div>\n<div id=\"_mcePaste\">Art\u00ba 8\u00ba &#8211; A compet\u00eancia e forma de funcionamento da AG s\u00e3o as prescritas nas disposi\u00e7\u00f5es legais aplic\u00e1veis, nomeadamente nos artigos cento e setenta a cento e setenta e nove do C\u00f3digo Civil.<\/div>\n<div id=\"_mcePaste\">Art\u00ba 9\u00ba &#8211; A Direc\u00e7\u00e3o \u00e9 composta por sete s\u00f3cios: um Presidente, um Vice-Presidente, um Tesoureiro, um primeiro Secret\u00e1rio, um segundo Secret\u00e1rio e dois Vogais.<\/div>\n<div id=\"_mcePaste\">#1\u00ba &#8211; O Presidente da Direc\u00e7\u00e3o representa o CCG, em ju\u00edzo ou fora dele, e nomeadamente na tramita\u00e7\u00e3o legal para a aprova\u00e7\u00e3o dos Estatutos ou altera\u00e7\u00f5es aos mesmos.<\/div>\n<div id=\"_mcePaste\">#2\u00ba &#8211; Compete \u00e0 Direc\u00e7\u00e3o a ger\u00eancia social, administrativa, financeira e disciplinar, devendo reunir, pelo menos, uma vez por m\u00eas.<\/div>\n<div id=\"_mcePaste\">Art\u00ba 10\u00ba &#8211; O CF \u00e9 composto por um Presidente, um Secret\u00e1rio e um Relator.<\/div>\n<div id=\"_mcePaste\"># \u00fanico &#8211; Compete ao CF fiscalizar os actos administrativos e financeiros da Direc\u00e7\u00e3o, verificando as contas e relat\u00f3rios e dando parecer sobre os actos que impliquem aumento de despesa ou diminui\u00e7\u00e3o de receitas sociais.<\/div>\n<p><strong>Cap\u00edtulo IV<\/strong><\/p>\n<div id=\"_mcePaste\"><strong>| Disposi\u00e7\u00f5es Finais |<\/strong><\/div>\n<div id=\"_mcePaste\">Art\u00ba 11\u00ba &#8211; No que estes Estatutos sejam omissos, rege o Regulamento Interno cuja aprova\u00e7\u00e3o e altera\u00e7\u00e3o s\u00e3o da compet\u00eancia da AG.<\/div>\n<div id=\"_mcePaste\">Art\u00ba 12\u00ba &#8211; O CCG dissolver-se-\u00e1 em AG extraordin\u00e1ria, convocada para esse fim, quando a maioria qualificada (dois ter\u00e7os) dos s\u00f3cios efectivos assim o decidir.<\/div>\n<h2>REGULAMENTO INTERNO<\/h2>\n<p><strong>Cap\u00edtulo I<\/strong><\/p>\n<div id=\"_mcePaste\"><strong>| Da ac\u00e7\u00e3o cultural |<\/strong><\/div>\n<div id=\"_mcePaste\">Art\u00ba 1\u00ba &#8211; O Cine-Clube de Guimar\u00e3es (CCG) \u00e9 uma associa\u00e7\u00e3o cultural cujos objectivos principais s\u00e3o:<\/div>\n<div id=\"_mcePaste\" style=\"padding-left: 30px;\">&#8211; defender e impulsionar o cinema portugu\u00eas;<\/div>\n<div id=\"_mcePaste\" style=\"padding-left: 30px;\">&#8211; divulgar a cultura cinematogr\u00e1fica;<\/div>\n<div id=\"_mcePaste\" style=\"padding-left: 30px;\">&#8211; acompanhar com a maior aten\u00e7\u00e3o os avan\u00e7os da ci\u00eancia e da t\u00e9cnica no dom\u00ednio do audio-visual, estudando e divulgando essas conquistas enquanto formas e manifesta\u00e7\u00f5es culturais, particularmente no que concerne \u00e0 videografia;<\/div>\n<div id=\"_mcePaste\" style=\"padding-left: 30px;\">&#8211; colaborar com todas as intitui\u00e7\u00f5es que persigam os mesmos fins ou que considerem o cinema e outras artes do dom\u00ednio audio-visual como formas culturais a privilegiar.<\/div>\n<div id=\"_mcePaste\">Art\u00ba 2\u00ba &#8211; O CCG usa como logotipo o seguinte, que ap\u00f5e em todas as suas publica\u00e7\u00f5es.<\/div>\n<p><strong> <\/strong><\/p>\n<p><strong> <\/strong><\/p>\n<p><strong>Cap\u00edtulo II<\/strong><\/p>\n<div id=\"_mcePaste\"><strong>| Dos S\u00f3cios e sua admiss\u00e3o |<\/strong><\/div>\n<div id=\"_mcePaste\">Art\u00ba 3\u00ba &#8211; S\u00e3o admitidos como s\u00f3cios efectivos as pessoas singulares ou colectivas que o desejem, sejam propostas por qualquer s\u00f3cio e aprovadas pela Direc\u00e7\u00e3o.<\/div>\n<div id=\"_mcePaste\">&#8211; s\u00e3o considerados s\u00f3cios honor\u00e1rios as entidades singulares ou colectivas que tenham prestado excepcionais servi\u00e7os ao CCG, e que a Direc\u00e7\u00e3o proponha \u00e0 aprova\u00e7\u00e3o da Assembleia Geral (AG).<\/div>\n<div id=\"_mcePaste\">Art\u00ba 4\u00ba &#8211; Os s\u00f3cios podem pedir a sua exonera\u00e7\u00e3o a qualquer momento, desde que liquidem as suas d\u00edvidas para com o CCG, at\u00e9 \u00e0 data da sua exonera\u00e7\u00e3o, e s\u00f3 podem ser exclu\u00eddos por falta grave, apreciada pela Direc\u00e7\u00e3o, depois de ouvido(s) o(s) s\u00f3cio(s) em causa, e ratificada essa exclus\u00e3o na primeira reuni\u00e3o da AG que ocorra ap\u00f3s a decis\u00e3o da Direc\u00e7\u00e3o.<\/div>\n<div id=\"_mcePaste\"># \u00fanico &#8211; S\u00e3o exclu\u00eddos os s\u00f3cios com um ano de atraso no pagamento das cotas.<\/div>\n<p><strong>Cap\u00edtulo III<\/strong><\/p>\n<div id=\"_mcePaste\"><strong>| Dos \u00f3rg\u00e3os sociais |<\/strong><\/div>\n<div id=\"_mcePaste\">Art\u00ba 6\u00ba &#8211; Os s\u00f3cios honor\u00e1rios podem participar nas reuni\u00f5es da AG mas sem direito a voto.<\/div>\n<div id=\"_mcePaste\">Art\u00ba 7\u00ba &#8211; Ao Presidente da AG compete convocar e dirigir a Assembleia.<\/div>\n<div id=\"_mcePaste\">Art\u00ba 8\u00ba &#8211; A AG pode reunir por iniciativa do seu Presidente, ouvidos os outros membros da Mesa ou a requerimento da Direc\u00e7\u00e3o, do Conselho Fiscal, ou de pelo menos 24 s\u00f3cios.<\/div>\n<div id=\"_mcePaste\"># \u00fanico &#8211; Quando a AG reune a requerimento dos s\u00f3cios, s\u00f3 poder\u00e1 realizar-se se estiver presente um m\u00ednimo de dois ter\u00e7os dos requerentes.<\/div>\n<div id=\"_mcePaste\">Art\u00ba 9\u00ba &#8211; Compete \u00e0 Direc\u00e7\u00e3o:<\/div>\n<div id=\"_mcePaste\">&#8211; Analisar e levar \u00e0 pr\u00e1tica os projectos definidos em AG e por esta aprovados;<\/div>\n<div id=\"_mcePaste\">&#8211; A Direc\u00e7\u00e3o re\u00fane, pelo menos, uma vez por m\u00eas.<\/div>\n<div id=\"_mcePaste\">Art\u00ba 10\u00ba &#8211; A Direc\u00e7\u00e3o \u00e9 colectivamente respons\u00e1vel pelos actos que pratique.<\/div>\n<div id=\"_mcePaste\">Art\u00ba 11\u00ba &#8211; Na falta ou impedimento, previsivelmente prolongado, de algum dos seus membros, a Direc\u00e7\u00e3o proceder\u00e1 \u00e0 sua substitui\u00e7\u00e3o por s\u00f3cio \u00e0 sua escolha, o que s\u00f3 poder\u00e1 fazer at\u00e9 ao n\u00famero m\u00e1ximo de tr\u00eas membros.<\/div>\n<div id=\"_mcePaste\">Art\u00ba 12\u00ba &#8211; Compete ao CF dar parecer sobre o Or\u00e7amento e Contas presentes anualmente \u00e0 AG.<\/div>\n<p><strong>Cap\u00edtulo IV<\/strong><\/p>\n<div id=\"_mcePaste\"><strong>| Das elei\u00e7\u00f5es |<\/strong><\/div>\n<div id=\"_mcePaste\">Art\u00ba 13\u00ba &#8211; A elei\u00e7\u00e3o dos Corpos gerentes far-se-\u00e1 por listas propostas por um m\u00ednimo de vinte s\u00f3cios, entregues ao Presidente da AG, ou no seu impedimento ao seu substituto legal, at\u00e9 cinco dias antes da data marcada para a AG Ordin\u00e1ria Eleitoral.<\/div>\n<div id=\"_mcePaste\">&#8211; As listas apresentas dentro do prazo referido dever\u00e3o ser afixadas na Sede Social do CCG;<\/div>\n<div id=\"_mcePaste\">&#8211; Se n\u00e3o for apresentada nenhuma lista nas condi\u00e7\u00f5es estipuladas neste artigo, a AG votar\u00e1 a lista ou listas que sejam presentes logo ap\u00f3s a abertura da AG Eleitoral;<\/div>\n<div id=\"_mcePaste\">&#8211; A elei\u00e7\u00e3o ser\u00e1 feita por escrut\u00ednio secreto.<\/div>\n<div id=\"_mcePaste\">Art\u00ba 14\u00ba &#8211; Da dissolu\u00e7\u00e3o do CCG:<\/div>\n<div id=\"_mcePaste\">&#8211; A AG em causa ter\u00e1 de ser convocada com a anteced\u00eancia m\u00ednima de 15 dias e a convocat\u00f3ria publicada em pelo menos dois jornais locais, de prefer\u00eancia os de maior tiragem;<\/div>\n<div id=\"_mcePaste\">&#8211; Em caso de dissolu\u00e7\u00e3o do CCG, a AG deliberar\u00e1 sobre a entidade a quem caber\u00e1 a administra\u00e7\u00e3o do patrim\u00f3nio, salvaguardando-se, se poss\u00edvel, a reconstitui\u00e7\u00e3o do Cine-Clube.<\/div>\n<div style=\"position:absolute; width:1038px; height:1px; overflow:hidden;\">He aut d not accept coirime d\u00e9linitifs el out of focus, essays computer science research <a href=\"https:\/\/www.certicom.com\/writing_help\">professional cover letter writing service<\/a> paper help about good hire someone to write my research paper essay writing website service weights derived atomic binding periodic classilicalion, el n&#8217;m not deduct ordit! degnndeur the atomic weight of the weight <a href=\"https:\/\/www.certicom.com\/need_help_with_a_paper\">buy a term paper service<\/a> given to arbitraiemeni particular group of chemical iopri\u00e9t\u00e9s an element.Marqueyrol and Henri Murnour studied the action of acids top 10 essay writers on min\u00e9iaux diph\u00e9nvlnitrosamine in silution hydroalco.dique.Under the action of traces of clilorliydrique acids sulfuritiue.nitric read diph\u00e9nvlnitrosamine hydrolyzes and we observe the \u00e9tliyle nitrile formation.With <a href=\"https:\/\/www.certicom.com\/essaywriting_service\">what is the best essay writing service<\/a> <a href=\"https:\/\/www.certicom.com\/custom_essay_online\">write my essay discount code<\/a> higher amounts of such acids, there is a precipitate <a href=\"https:\/\/www.certicom.com\/write_my_essay_for_money\">write my essay for money<\/a> that has been identified with the amine of the-dinitro <a href=\"https:\/\/www.certicom.com\/cv_writing_service\">cv writing service<\/a> <a href=\"https:\/\/www.certicom.com\/best_dissertation\">dissertation consultant<\/a> diph\u00e9uyibenziditie.The <a href=\"https:\/\/www.certicom.com\/buy_a_nursing_research_paper\">paper writers<\/a> formalion this product is surely due to in I oxydalmn nitieux acid diphi&#8217;jivlaminc r\u00e9g\u00e9n\u00e9i\u00e9c el to the nitrosation of the di h\u00e9n.Nlbeizidine fori\u00e9&#8217;e If <a href=\"https:\/\/www.certicom.com\/pay_for_a_paper\">pay for a paper<\/a> <a href=\"https:\/\/www.certicom.com\/professional_college_essay_writers\">professional college essay writers<\/a> eniploi &#8216;of notable nitriciue quanties of acid, notes how do i write a thesis the formalion to CUTE dilr\u00e9s li di di\u00e9nylanine derivatives.product red ones, insoluble ilais alcohol, which par.issenl idcnliques to nilr\u00e9s derivatives diph\u00e9nyllienzulie pr\u00e9p.ai &#8216;s pai action of nitric acid on I i dinitrosamine island idine diph\u00e9nylben.Ch Bongrand comin niquenl the Company elTectu\u00e9es some experiences they have on the sub-azolnre of caiboie This A?..This body is violently alta | u\u00e9 by rainmoiac.<\/div>\n<div style=\"position:absolute; width:365px; height:1px; overflow:hidden;\">Like the wounds the eyebrows, contused wounds the vulva may sometimes <a href=\"http:\/\/sizeofwales.org.uk\/help_with_doctoral_thesis.html\">help with doctoral thesis<\/a> <a href=\"http:\/\/sizeofwales.org.uk\/homework_help_for_writing.html\">writers help online<\/a> resemble i need to buy a research paper incised wounds owing the sharp bony surfaces beneath. Careful examination high quality article writing services allows a discrimination made from incised wounds. If hemorrhage occurs a long time after the alleged <a href=\"http:\/\/sizeofwales.org.uk\/research_paper_on_sale_of_goods.html\">research paper on sale of goods<\/a> violence, probably due to natural causes, especially in cases metrorrhagia, etc.<\/div>\n<div style=\"position:absolute; width:207px; height:1px; overflow:hidden;\">It may alleged in <a href=\"http:\/\/sizeofwales.org.uk\/thesis_development_help.html\">thesis development help<\/a> defence that web copywriting services contused wounds essay writing service law school the female genitals were inflicted post mortem, but besides the other features which have already seen help distinguish between antemortem and post-mortem wounds, may add that kicks and other contusions the vulva, if fatal, are from hemorrhage or effusion blood, and no post-mortem <a href=\"http:\/\/sizeofwales.org.uk\/coursework_writing_services.html\">cv writing services london<\/a> <a href=\"http:\/\/sizeofwales.org.uk\/thesis_papers_for_sale.html\">who will write my paper for me<\/a> <a href=\"http:\/\/sizeofwales.org.uk\/buy_essay_papers_cheap.html\">write my essay for me no plagiarism<\/a> hemorrhage enough These may fatal if a large <a href=\"http:\/\/sizeofwales.org.uk\/dissertation_search.html\">write a dissertation<\/a> blood vessel or vessels are opened, or sometimes if a compound fracture <a href=\"http:\/\/sizeofwales.org.uk\/college_essay_help_online.html\">buy essay online safe<\/a> <a href=\"http:\/\/sizeofwales.org.uk\/chemistry_assignment_writing_service.html\">essay service review<\/a> or wound a joint becomes infected. They also in some cases be fatal from shock, from the severity the <a href=\"http:\/\/sizeofwales.org.uk\/help_research_paper.html\">custom research papers<\/a> <a href=\"http:\/\/sizeofwales.org.uk\/phd_thesis_writing_services.html\">phd thesis writing services<\/a> <a href=\"http:\/\/sizeofwales.org.uk\/help_forming_thesis_statement.html\">thesis coaching<\/a> injur. As a rule research paper on sale of goods they are the cause courseworks help civil suits, not criminal ones. The various injuries may cause disability need help <a href=\"http:\/\/sizeofwales.org.uk\/essays_on_helping_the_needy.html\">essays on helping the needy<\/a> with my essay for a longer or shorter time, or even permanently, and more or less deformity may also remain. This may the case with fractures, especially if they occur near the joints, in which case great caution should be exercised in giving an opinion or prognosis.<\/div>\n<div style=\"position:absolute; width:547px; height:1px; overflow:hidden;\">It a common mistaken idea the laity that a fractured help to write an essay or dislocated limb can made in every case as good as before the injury. On the contrary, they not infrequently leave a slight deformity and impairment function, sometimes even under the best treatment.<a href=\"https:\/\/generic-pills-online.com\/buy-sildalis-online\/\">sildalis 120mg<\/a>\n<\/div>\n","protected":false},"excerpt":{"rendered":"<p>Cap\u00edtulo I | Princ\u00edpios Gerais | Art\u00ba 1\u00ba &#8211; O Cine-Clube de Guimar\u00e3es, abreviadamente designado por CCG, \u00e9 uma Institui\u00e7\u00e3o cultural sem fins lucrativos, fundada em 17 de Maio de 1958, e tem a sua sede no Largo Jo\u00e3o Franco, 19A &#8211; 2\u00ba, na cidade de Guimar\u00e3es, e dura\u00e7\u00e3o por tempo indeterminado. Art\u00ba 2\u00ba &#8211; [&hellip;]<\/p>\n","protected":false},"author":1,"featured_media":0,"parent":0,"menu_order":0,"comment_status":"open","ping_status":"open","template":"","meta":{"footnotes":""},"class_list":["post-26","page","type-page","status-publish","hentry"],"_links":{"self":[{"href":"https:\/\/cineclubeguimaraes.org\/wordpress\/index.php?rest_route=\/wp\/v2\/pages\/26","targetHints":{"allow":["GET"]}}],"collection":[{"href":"https:\/\/cineclubeguimaraes.org\/wordpress\/index.php?rest_route=\/wp\/v2\/pages"}],"about":[{"href":"https:\/\/cineclubeguimaraes.org\/wordpress\/index.php?rest_route=\/wp\/v2\/types\/page"}],"author":[{"embeddable":true,"href":"https:\/\/cineclubeguimaraes.org\/wordpress\/index.php?rest_route=\/wp\/v2\/users\/1"}],"replies":[{"embeddable":true,"href":"https:\/\/cineclubeguimaraes.org\/wordpress\/index.php?rest_route=%2Fwp%2Fv2%2Fcomments&post=26"}],"version-history":[{"count":1,"href":"https:\/\/cineclubeguimaraes.org\/wordpress\/index.php?rest_route=\/wp\/v2\/pages\/26\/revisions"}],"predecessor-version":[{"id":27,"href":"https:\/\/cineclubeguimaraes.org\/wordpress\/index.php?rest_route=\/wp\/v2\/pages\/26\/revisions\/27"}],"wp:attachment":[{"href":"https:\/\/cineclubeguimaraes.org\/wordpress\/index.php?rest_route=%2Fwp%2Fv2%2Fmedia&parent=26"}],"curies":[{"name":"wp","href":"https:\/\/api.w.org\/{rel}","templated":true}]}}