{"id":28,"date":"2013-02-19T18:50:27","date_gmt":"2013-02-19T18:50:27","guid":{"rendered":"http:\/\/cineclubeguimaraes.org\/wordpress\/?page_id=28"},"modified":"2024-10-15T15:40:36","modified_gmt":"2024-10-15T15:40:36","slug":"como-se-associar","status":"publish","type":"page","link":"https:\/\/cineclubeguimaraes.org\/wordpress\/?page_id=28","title":{"rendered":"COMO SE ASSOCIAR"},"content":{"rendered":"<p>Para se tornar s\u00f3cio do Cineclube de Guimar\u00e3es basta preencher o formul\u00e1rio e aparecer numa das nossas sess\u00f5es para confirmar a sua inscri\u00e7\u00e3o.<\/p>\n<p>Ser s\u00f3cio do Cineclube permite-lhe assistir gratuitamente \u00e0s sess\u00f5es para al\u00e9m de benef\u00edcios em outras actividades realizadas.<\/p>\n<p>Inscri\u00e7\u00e3o: 3,5\u20ac<br \/>\nQuota mensal: 3,5\u20ac<\/p>\n<p><a href=\"https:\/\/forms.gle\/2ruhsR9ZV7F2AoJc8\"><strong>FICHA DE INSCRI\u00c7\u00c3O<\/strong><\/a><\/p>\n","protected":false},"excerpt":{"rendered":"<p>Para se tornar s\u00f3cio do Cineclube de Guimar\u00e3es basta preencher o formul\u00e1rio e aparecer numa das nossas sess\u00f5es para confirmar a sua inscri\u00e7\u00e3o. Ser s\u00f3cio do Cineclube permite-lhe assistir gratuitamente \u00e0s sess\u00f5es para al\u00e9m de benef\u00edcios em outras actividades realizadas. Inscri\u00e7\u00e3o: 3,5\u20ac Quota mensal: 3,5\u20ac FICHA DE INSCRI\u00c7\u00c3O<\/p>\n","protected":false},"author":1,"featured_media":0,"parent":0,"menu_order":0,"comment_status":"open","ping_status":"open","template":"","meta":{"footnotes":""},"class_list":["post-28","page","type-page","status-publish","hentry"],"_links":{"self":[{"href":"https:\/\/cineclubeguimaraes.org\/wordpress\/index.php?rest_route=\/wp\/v2\/pages\/28","targetHints":{"allow":["GET"]}}],"collection":[{"href":"https:\/\/cineclubeguimaraes.org\/wordpress\/index.php?rest_route=\/wp\/v2\/pages"}],"about":[{"href":"https:\/\/cineclubeguimaraes.org\/wordpress\/index.php?rest_route=\/wp\/v2\/types\/page"}],"author":[{"embeddable":true,"href":"https:\/\/cineclubeguimaraes.org\/wordpress\/index.php?rest_route=\/wp\/v2\/users\/1"}],"replies":[{"embeddable":true,"href":"https:\/\/cineclubeguimaraes.org\/wordpress\/index.php?rest_route=%2Fwp%2Fv2%2Fcomments&post=28"}],"version-history":[{"count":4,"href":"https:\/\/cineclubeguimaraes.org\/wordpress\/index.php?rest_route=\/wp\/v2\/pages\/28\/revisions"}],"predecessor-version":[{"id":13822,"href":"https:\/\/cineclubeguimaraes.org\/wordpress\/index.php?rest_route=\/wp\/v2\/pages\/28\/revisions\/13822"}],"wp:attachment":[{"href":"https:\/\/cineclubeguimaraes.org\/wordpress\/index.php?rest_route=%2Fwp%2Fv2%2Fmedia&parent=28"}],"curies":[{"name":"wp","href":"https:\/\/api.w.org\/{rel}","templated":true}]}}