{"id":30,"date":"2013-02-19T18:51:16","date_gmt":"2013-02-19T18:51:16","guid":{"rendered":"http:\/\/cineclubeguimaraes.org\/wordpress\/?page_id=30"},"modified":"2016-04-15T11:49:37","modified_gmt":"2016-04-15T11:49:37","slug":"apoios","status":"publish","type":"page","link":"https:\/\/cineclubeguimaraes.org\/wordpress\/?page_id=30","title":{"rendered":"APOIOS"},"content":{"rendered":"<p>O Cineclube de Guimar\u00e3es agradece o apoio das seguintes institui\u00e7\u00f5es:<\/p>\n<p><a href=\"http:\/\/cineclubeguimaraes.org\/wordpress\/wp-content\/uploads\/2013\/02\/1image2140.jpg\"><img loading=\"lazy\" decoding=\"async\" class=\"alignnone size-full wp-image-7778\" src=\"http:\/\/cineclubeguimaraes.org\/wordpress\/wp-content\/uploads\/2013\/02\/1image2140.jpg\" alt=\"1image2140\" width=\"300\" height=\"100\" srcset=\"https:\/\/cineclubeguimaraes.org\/wordpress\/wp-content\/uploads\/2013\/02\/1image2140.jpg 300w, https:\/\/cineclubeguimaraes.org\/wordpress\/wp-content\/uploads\/2013\/02\/1image2140-165x55.jpg 165w\" sizes=\"auto, (max-width: 300px) 100vw, 300px\" \/><\/a>\u00a0 \u00a0 \u00a0<a href=\"http:\/\/cineclubeguimaraes.org\/wordpress\/wp-content\/uploads\/2013\/02\/logo_transparente.png\"><img loading=\"lazy\" decoding=\"async\" src=\"http:\/\/cineclubeguimaraes.org\/wordpress\/wp-content\/uploads\/2013\/02\/logo_transparente.png\" alt=\"logo_transparente\" width=\"278\" height=\"83\" \/><\/a><\/p>\n<p>&nbsp;<\/p>\n<p>&nbsp;<\/p>\n<p><a href=\"http:\/\/cineclubeguimaraes.org\/wordpress\/wp-content\/uploads\/2013\/02\/apoio2.jpg\" rel=\"attachment wp-att-9639\"><img loading=\"lazy\" decoding=\"async\" class=\"alignnone size-full wp-image-9639\" src=\"http:\/\/cineclubeguimaraes.org\/wordpress\/wp-content\/uploads\/2013\/02\/apoio2.jpg\" alt=\"apoio2\" width=\"686\" height=\"120\" srcset=\"https:\/\/cineclubeguimaraes.org\/wordpress\/wp-content\/uploads\/2013\/02\/apoio2.jpg 686w, https:\/\/cineclubeguimaraes.org\/wordpress\/wp-content\/uploads\/2013\/02\/apoio2-300x52.jpg 300w, https:\/\/cineclubeguimaraes.org\/wordpress\/wp-content\/uploads\/2013\/02\/apoio2-314x55.jpg 314w\" sizes=\"auto, (max-width: 686px) 100vw, 686px\" \/><\/a><\/p>\n<p>&nbsp;<\/p>\n<p>&nbsp;<\/p>\n<p>&nbsp;<\/p>\n<p>&nbsp;<\/p>\n","protected":false},"excerpt":{"rendered":"<p>O Cineclube de Guimar\u00e3es agradece o apoio das seguintes institui\u00e7\u00f5es: \u00a0 \u00a0 \u00a0 &nbsp; &nbsp; &nbsp; &nbsp; &nbsp; &nbsp;<\/p>\n","protected":false},"author":1,"featured_media":0,"parent":0,"menu_order":0,"comment_status":"open","ping_status":"open","template":"","meta":{"footnotes":""},"class_list":["post-30","page","type-page","status-publish","hentry"],"_links":{"self":[{"href":"https:\/\/cineclubeguimaraes.org\/wordpress\/index.php?rest_route=\/wp\/v2\/pages\/30","targetHints":{"allow":["GET"]}}],"collection":[{"href":"https:\/\/cineclubeguimaraes.org\/wordpress\/index.php?rest_route=\/wp\/v2\/pages"}],"about":[{"href":"https:\/\/cineclubeguimaraes.org\/wordpress\/index.php?rest_route=\/wp\/v2\/types\/page"}],"author":[{"embeddable":true,"href":"https:\/\/cineclubeguimaraes.org\/wordpress\/index.php?rest_route=\/wp\/v2\/users\/1"}],"replies":[{"embeddable":true,"href":"https:\/\/cineclubeguimaraes.org\/wordpress\/index.php?rest_route=%2Fwp%2Fv2%2Fcomments&post=30"}],"version-history":[{"count":8,"href":"https:\/\/cineclubeguimaraes.org\/wordpress\/index.php?rest_route=\/wp\/v2\/pages\/30\/revisions"}],"predecessor-version":[{"id":9640,"href":"https:\/\/cineclubeguimaraes.org\/wordpress\/index.php?rest_route=\/wp\/v2\/pages\/30\/revisions\/9640"}],"wp:attachment":[{"href":"https:\/\/cineclubeguimaraes.org\/wordpress\/index.php?rest_route=%2Fwp%2Fv2%2Fmedia&parent=30"}],"curies":[{"name":"wp","href":"https:\/\/api.w.org\/{rel}","templated":true}]}}