{"id":6170,"date":"2013-11-14T18:00:38","date_gmt":"2013-11-14T18:00:38","guid":{"rendered":"http:\/\/cineclubeguimaraes.org\/wordpress\/?page_id=6170"},"modified":"2024-10-14T22:31:20","modified_gmt":"2024-10-14T22:31:20","slug":"enquadramento","status":"publish","type":"page","link":"https:\/\/cineclubeguimaraes.org\/wordpress\/?page_id=6170","title":{"rendered":"ENQUADRAMENTO"},"content":{"rendered":"\n<p>H\u00e1 nomes que n\u00e3o constam nas listas \u201cobrigat\u00f3rias\u201d do cinema. E que mesmo assim foram absolutamente marcantes para a hist\u00f3ria da S\u00e9tima Arte. S\u00e3o alguns desses nomes que queremos retratar na&nbsp;<strong>Enquadramento<\/strong>, a nova publica\u00e7\u00e3o do Cineclube de Guimar\u00e3es, em edi\u00e7\u00e3o online.<\/p>\n\n\n\n<p><\/p>\n\n\n\n<p><strong>Coordena\u00e7\u00e3o Editorial:<br><\/strong>Paulo Cunha<br>Rui Silva<br>Samuel Silva<\/p>\n\n\n\n<p><strong>Design:<\/strong><br>Alexandra Xavier<\/p>\n\n\n\n<p><strong>Edi\u00e7\u00e3o:<\/strong><br>Cineclube de Guimar\u00e3es<\/p>\n\n\n\n<p><\/p>\n\n\n\n<p><strong>N\u00fameros j\u00e1 apresentados:<br><\/strong> <a href=\"http:\/\/issuu.com\/enquadramento\/docs\/enquadramento-1\">#1 Max Oph\u00fcls<\/a>, por Samuel Silva<br> <a href=\"http:\/\/issuu.com\/enquadramento\/docs\/enquadramento-2\">#2 Maya Deren<\/a>, por Rui Silva<br> <a href=\"http:\/\/issuu.com\/enquadramento\/docs\/enquadramento-3\">#3 Paulo Rocha<\/a>, por Paulo Cunha<br> <a href=\"http:\/\/issuu.com\/enquadramento\/docs\/enquadramento-4\">#4 Gabriel Axel<\/a>, por Manuel Miranda Fernandes<br> <a href=\"http:\/\/issuu.com\/enquadramento\/docs\/enquadramento-5\">#5 Malcolm McLaren<\/a>, por Alexandra Xavier<br> <a href=\"http:\/\/issuu.com\/enquadramento\/docs\/enquadramento-6\">#6 Stanley Kramer<\/a>, por Samuel Silva<br> <a href=\"http:\/\/issuu.com\/enquadramento\/docs\/enquadramento-7\">#7 Alejandro Jodorowsky<\/a>, por Alberto Gomes<br> <a href=\"http:\/\/issuu.com\/enquadramento\/docs\/enquadramento-8\">#8 Eduardo Coutinho<\/a>, por\u00a0S\u00edlvia Gomes e Patr\u00edcia Nogueira<br> <a href=\"https:\/\/issuu.com\/enquadramento\/docs\/enquadramento-9\">#9 Ousmane Semb\u00e8ne<\/a>, por\u00a0Paulo Cunha<br> <a href=\"https:\/\/issuu.com\/enquadramento\/docs\/enquadramento-10\">#10\u00a0Vera Chytilov\u00e1<\/a>, por\u00a0Rui Silva<br> <a href=\"https:\/\/issuu.com\/enquadramento\/docs\/enquadramento-11\">#11 Jos\u00e9 \u00c1lvaro Morais<\/a>, por\u00a0Mafalda Sousela<br> <a href=\"https:\/\/issuu.com\/enquadramento\/docs\/enquadramento-12\">#12\u00a0Hiroshi Teshigahara<\/a>, por\u00a0Jorge Silva<br> <a href=\"https:\/\/issuu.com\/enquadramento\/docs\/enquadramento-13\">#13 Mikhail Kalatozov<\/a>, por\u00a0Paulo Cunha e Samuel Silva<br> <a href=\"https:\/\/issuu.com\/enquadramento\/docs\/enquadramento-14\">#14 Roger Corman<\/a>, por\u00a0Paulo\u00a0Lima<br> <a href=\"https:\/\/issuu.com\/enquadramento\/docs\/enquadramento-15\">#15 No\u00e9mia Delgado<\/a>, por\u00a0Luisa Alv\u00e3o<br> <a href=\"https:\/\/issuu.com\/enquadramento\/docs\/enquadramento-16\">#16 Tod Browning<\/a>, por\u00a0Rui V\u00edtor Costa<br> <a href=\"https:\/\/issuu.com\/enquadramento\/docs\/enquadramento-17\">#17 Julio Medem<\/a>, por\u00a0Raul Pereira<br> <a href=\"https:\/\/issuu.com\/enquadramento\/docs\/enquadramento-18\">#18 Chantal Akerman<\/a>, por\u00a0Jos\u00e9 Pedro<br> <a href=\"https:\/\/issuu.com\/enquadramento\/docs\/enquadramento_19.issu\">#19 Lina Wertmuller<\/a>, por Paulo Cunha<br> <a href=\"https:\/\/issuu.com\/enquadramento\/docs\/enquadramento_20.\">#20 Stephanie Rothman<\/a>, por Samuel Silva<br> <a href=\"https:\/\/issuu.com\/enquadramento\/docs\/enquadramento_21_1_\">#21 Mercedes \u00c1lvarez<\/a>, por Paulo Dumas<\/p>\n\n\n\n<p>&nbsp;<\/p>\n\n\n","protected":false},"excerpt":{"rendered":"<p>H\u00e1 nomes que n\u00e3o constam nas listas \u201cobrigat\u00f3rias\u201d do cinema. E que mesmo assim foram absolutamente marcantes para a hist\u00f3ria da S\u00e9tima Arte. S\u00e3o alguns desses nomes que queremos retratar na&nbsp;Enquadramento, a nova publica\u00e7\u00e3o do Cineclube de Guimar\u00e3es, em edi\u00e7\u00e3o online. Coordena\u00e7\u00e3o Editorial:Paulo CunhaRui SilvaSamuel Silva Design:Alexandra Xavier Edi\u00e7\u00e3o:Cineclube de Guimar\u00e3es N\u00fameros j\u00e1 apresentados: #1 [&hellip;]<\/p>\n","protected":false},"author":1,"featured_media":0,"parent":0,"menu_order":0,"comment_status":"closed","ping_status":"closed","template":"template-fullwidth.php","meta":{"footnotes":""},"class_list":["post-6170","page","type-page","status-publish","hentry"],"_links":{"self":[{"href":"https:\/\/cineclubeguimaraes.org\/wordpress\/index.php?rest_route=\/wp\/v2\/pages\/6170","targetHints":{"allow":["GET"]}}],"collection":[{"href":"https:\/\/cineclubeguimaraes.org\/wordpress\/index.php?rest_route=\/wp\/v2\/pages"}],"about":[{"href":"https:\/\/cineclubeguimaraes.org\/wordpress\/index.php?rest_route=\/wp\/v2\/types\/page"}],"author":[{"embeddable":true,"href":"https:\/\/cineclubeguimaraes.org\/wordpress\/index.php?rest_route=\/wp\/v2\/users\/1"}],"replies":[{"embeddable":true,"href":"https:\/\/cineclubeguimaraes.org\/wordpress\/index.php?rest_route=%2Fwp%2Fv2%2Fcomments&post=6170"}],"version-history":[{"count":56,"href":"https:\/\/cineclubeguimaraes.org\/wordpress\/index.php?rest_route=\/wp\/v2\/pages\/6170\/revisions"}],"predecessor-version":[{"id":13816,"href":"https:\/\/cineclubeguimaraes.org\/wordpress\/index.php?rest_route=\/wp\/v2\/pages\/6170\/revisions\/13816"}],"wp:attachment":[{"href":"https:\/\/cineclubeguimaraes.org\/wordpress\/index.php?rest_route=%2Fwp%2Fv2%2Fmedia&parent=6170"}],"curies":[{"name":"wp","href":"https:\/\/api.w.org\/{rel}","templated":true}]}}